{"id":6531,"date":"2022-06-06T06:25:35","date_gmt":"2022-06-06T06:25:35","guid":{"rendered":"https:\/\/vau.ee\/?post_type=product&#038;p=6531"},"modified":"2022-09-13T13:14:56","modified_gmt":"2022-09-13T13:14:56","slug":"angelia-4","status":"publish","type":"product","link":"https:\/\/vau.ee\/en\/toode\/angelia-4\/","title":{"rendered":"Angelia"},"content":{"rendered":"<p><strong>M\u00f5\u00f5t:<\/strong><\/p>\n<p>\u00fchepoolne M9-10 x 20-21<\/p>\n<p>&nbsp;<\/p>\n<p><strong>Ukseleht:<\/strong>\u00a0 paksusega 62mm<\/p>\n<p><strong>Leng:<\/strong> m\u00e4nnipuidust, s\u00fcgavusega 105mm<\/p>\n<p><strong>L\u00e4vi:<\/strong> tammepuidust kombineeritud alumiiniumiga, k\u00f5rgusega 25mm<\/p>\n<p><strong>Furnituur:<\/strong> \u00a0lukukorpus Assa 410 v\u00f5i Assa 2002. Vasturaud 1487-2HD (koos turvaplaadiga); plaathinged 3248 (koos turvaplaatidega)<\/p>\n<p>&nbsp;<\/p>\n<p>V\u00f5imalik on tellida erilahendusega tooteid.<\/p>\n<input class=\"fooboxshare_post_id\" type=\"hidden\" value=\"6531\"\/>","protected":false},"excerpt":{"rendered":"<p>M\u00f5\u00f5t: \u00fchepoolne M9-10 x 20-21 &nbsp; Ukseleht:\u00a0 paksusega 62mm Leng: m\u00e4nnipuidust, s\u00fcgavusega 105mm L\u00e4vi: tammepuidust kombineeritud alumiiniumiga, k\u00f5rgusega 25mm Furnituur: \u00a0lukukorpus Assa 410 v\u00f5i Assa 2002. Vasturaud 1487-2HD (koos turvaplaadiga); plaathinged 3248 (koos turvaplaatidega) &nbsp; V\u00f5imalik on tellida erilahendusega tooteid.<\/p>\n","protected":false},"featured_media":7524,"template":"","meta":{"_acf_changed":false},"product_brand":[],"product_cat":[228],"product_tag":[],"class_list":{"0":"post-6531","1":"product","2":"type-product","3":"status-publish","4":"has-post-thumbnail","6":"product_cat-ed62-rc2","8":"first","9":"instock","10":"shipping-taxable","11":"product-type-simple"},"acf":[],"yoast_head":"<!-- This site is optimized with the Yoast SEO plugin v27.3 - https:\/\/yoast.com\/product\/yoast-seo-wordpress\/ -->\n<title>Angelia - Viljandi Aken ja Uks<\/title>\n<meta name=\"robots\" content=\"index, follow, max-snippet:-1, max-image-preview:large, max-video-preview:-1\" \/>\n<link rel=\"canonical\" href=\"https:\/\/vau.ee\/toode\/angelia-4\/\" \/>\n<meta property=\"og:locale\" content=\"en_US\" \/>\n<meta property=\"og:type\" content=\"article\" \/>\n<meta property=\"og:title\" content=\"Angelia - Viljandi Aken ja Uks\" \/>\n<meta property=\"og:description\" content=\"M\u00f5\u00f5t: \u00fchepoolne M9-10 x 20-21 &nbsp; Ukseleht:\u00a0 paksusega 62mm Leng: m\u00e4nnipuidust, s\u00fcgavusega 105mm L\u00e4vi: tammepuidust kombineeritud alumiiniumiga, k\u00f5rgusega 25mm Furnituur: \u00a0lukukorpus Assa 410 v\u00f5i Assa 2002. Vasturaud 1487-2HD (koos turvaplaadiga); plaathinged 3248 (koos turvaplaatidega) &nbsp; V\u00f5imalik on tellida erilahendusega tooteid.\" \/>\n<meta property=\"og:url\" content=\"https:\/\/vau.ee\/toode\/angelia-4\/\" \/>\n<meta property=\"og:site_name\" content=\"Viljandi Aken ja Uks\" \/>\n<meta property=\"article:modified_time\" content=\"2022-09-13T13:14:56+00:00\" \/>\n<meta property=\"og:image\" content=\"https:\/\/vau.ee\/wp-content\/uploads\/2022\/09\/Angelia.jpg\" \/>\n\t<meta property=\"og:image:width\" content=\"912\" \/>\n\t<meta property=\"og:image:height\" content=\"1920\" \/>\n\t<meta property=\"og:image:type\" content=\"image\/jpeg\" \/>\n<meta name=\"twitter:card\" content=\"summary_large_image\" \/>\n<meta name=\"twitter:label1\" content=\"Est. reading time\" \/>\n\t<meta name=\"twitter:data1\" content=\"1 minute\" \/>\n<script type=\"application\/ld+json\" class=\"yoast-schema-graph\">{\"@context\":\"https:\\\/\\\/schema.org\",\"@graph\":[{\"@type\":\"WebPage\",\"@id\":\"https:\\\/\\\/vau.ee\\\/toode\\\/angelia-4\\\/\",\"url\":\"https:\\\/\\\/vau.ee\\\/toode\\\/angelia-4\\\/\",\"name\":\"Angelia - Viljandi Aken ja Uks\",\"isPartOf\":{\"@id\":\"https:\\\/\\\/vau.ee\\\/#website\"},\"primaryImageOfPage\":{\"@id\":\"https:\\\/\\\/vau.ee\\\/toode\\\/angelia-4\\\/#primaryimage\"},\"image\":{\"@id\":\"https:\\\/\\\/vau.ee\\\/toode\\\/angelia-4\\\/#primaryimage\"},\"thumbnailUrl\":\"https:\\\/\\\/vau.ee\\\/wp-content\\\/uploads\\\/2022\\\/09\\\/Angelia.jpg\",\"datePublished\":\"2022-06-06T06:25:35+00:00\",\"dateModified\":\"2022-09-13T13:14:56+00:00\",\"breadcrumb\":{\"@id\":\"https:\\\/\\\/vau.ee\\\/toode\\\/angelia-4\\\/#breadcrumb\"},\"inLanguage\":\"en-US\",\"potentialAction\":[{\"@type\":\"ReadAction\",\"target\":[\"https:\\\/\\\/vau.ee\\\/toode\\\/angelia-4\\\/\"]}]},{\"@type\":\"ImageObject\",\"inLanguage\":\"en-US\",\"@id\":\"https:\\\/\\\/vau.ee\\\/toode\\\/angelia-4\\\/#primaryimage\",\"url\":\"https:\\\/\\\/vau.ee\\\/wp-content\\\/uploads\\\/2022\\\/09\\\/Angelia.jpg\",\"contentUrl\":\"https:\\\/\\\/vau.ee\\\/wp-content\\\/uploads\\\/2022\\\/09\\\/Angelia.jpg\",\"width\":912,\"height\":1920},{\"@type\":\"BreadcrumbList\",\"@id\":\"https:\\\/\\\/vau.ee\\\/toode\\\/angelia-4\\\/#breadcrumb\",\"itemListElement\":[{\"@type\":\"ListItem\",\"position\":1,\"name\":\"Algus\",\"item\":\"https:\\\/\\\/vau.ee\\\/en\\\/\"},{\"@type\":\"ListItem\",\"position\":2,\"name\":\"Pood\",\"item\":\"https:\\\/\\\/vau.ee\\\/pood\\\/\"},{\"@type\":\"ListItem\",\"position\":3,\"name\":\"Angelia\"}]},{\"@type\":\"WebSite\",\"@id\":\"https:\\\/\\\/vau.ee\\\/#website\",\"url\":\"https:\\\/\\\/vau.ee\\\/\",\"name\":\"Viljandi Aken ja Uks\",\"description\":\"Uus tore veebileht\",\"publisher\":{\"@id\":\"https:\\\/\\\/vau.ee\\\/#organization\"},\"potentialAction\":[{\"@type\":\"SearchAction\",\"target\":{\"@type\":\"EntryPoint\",\"urlTemplate\":\"https:\\\/\\\/vau.ee\\\/?s={search_term_string}\"},\"query-input\":{\"@type\":\"PropertyValueSpecification\",\"valueRequired\":true,\"valueName\":\"search_term_string\"}}],\"inLanguage\":\"en-US\"},{\"@type\":\"Organization\",\"@id\":\"https:\\\/\\\/vau.ee\\\/#organization\",\"name\":\"AS Viljandi Aken ja Uks\",\"url\":\"https:\\\/\\\/vau.ee\\\/\",\"logo\":{\"@type\":\"ImageObject\",\"inLanguage\":\"en-US\",\"@id\":\"https:\\\/\\\/vau.ee\\\/#\\\/schema\\\/logo\\\/image\\\/\",\"url\":\"https:\\\/\\\/vau.ee\\\/wp-content\\\/uploads\\\/2019\\\/12\\\/logo.svg\",\"contentUrl\":\"https:\\\/\\\/vau.ee\\\/wp-content\\\/uploads\\\/2019\\\/12\\\/logo.svg\",\"width\":1,\"height\":1,\"caption\":\"AS Viljandi Aken ja Uks\"},\"image\":{\"@id\":\"https:\\\/\\\/vau.ee\\\/#\\\/schema\\\/logo\\\/image\\\/\"}}]}<\/script>\n<!-- \/ Yoast SEO plugin. -->","yoast_head_json":{"title":"Angelia - Viljandi Aken ja Uks","robots":{"index":"index","follow":"follow","max-snippet":"max-snippet:-1","max-image-preview":"max-image-preview:large","max-video-preview":"max-video-preview:-1"},"canonical":"https:\/\/vau.ee\/toode\/angelia-4\/","og_locale":"en_US","og_type":"article","og_title":"Angelia - Viljandi Aken ja Uks","og_description":"M\u00f5\u00f5t: \u00fchepoolne M9-10 x 20-21 &nbsp; Ukseleht:\u00a0 paksusega 62mm Leng: m\u00e4nnipuidust, s\u00fcgavusega 105mm L\u00e4vi: tammepuidust kombineeritud alumiiniumiga, k\u00f5rgusega 25mm Furnituur: \u00a0lukukorpus Assa 410 v\u00f5i Assa 2002. Vasturaud 1487-2HD (koos turvaplaadiga); plaathinged 3248 (koos turvaplaatidega) &nbsp; V\u00f5imalik on tellida erilahendusega tooteid.","og_url":"https:\/\/vau.ee\/toode\/angelia-4\/","og_site_name":"Viljandi Aken ja Uks","article_modified_time":"2022-09-13T13:14:56+00:00","og_image":[{"width":912,"height":1920,"url":"https:\/\/vau.ee\/wp-content\/uploads\/2022\/09\/Angelia.jpg","type":"image\/jpeg"}],"twitter_card":"summary_large_image","twitter_misc":{"Est. reading time":"1 minute"},"schema":{"@context":"https:\/\/schema.org","@graph":[{"@type":"WebPage","@id":"https:\/\/vau.ee\/toode\/angelia-4\/","url":"https:\/\/vau.ee\/toode\/angelia-4\/","name":"Angelia - Viljandi Aken ja Uks","isPartOf":{"@id":"https:\/\/vau.ee\/#website"},"primaryImageOfPage":{"@id":"https:\/\/vau.ee\/toode\/angelia-4\/#primaryimage"},"image":{"@id":"https:\/\/vau.ee\/toode\/angelia-4\/#primaryimage"},"thumbnailUrl":"https:\/\/vau.ee\/wp-content\/uploads\/2022\/09\/Angelia.jpg","datePublished":"2022-06-06T06:25:35+00:00","dateModified":"2022-09-13T13:14:56+00:00","breadcrumb":{"@id":"https:\/\/vau.ee\/toode\/angelia-4\/#breadcrumb"},"inLanguage":"en-US","potentialAction":[{"@type":"ReadAction","target":["https:\/\/vau.ee\/toode\/angelia-4\/"]}]},{"@type":"ImageObject","inLanguage":"en-US","@id":"https:\/\/vau.ee\/toode\/angelia-4\/#primaryimage","url":"https:\/\/vau.ee\/wp-content\/uploads\/2022\/09\/Angelia.jpg","contentUrl":"https:\/\/vau.ee\/wp-content\/uploads\/2022\/09\/Angelia.jpg","width":912,"height":1920},{"@type":"BreadcrumbList","@id":"https:\/\/vau.ee\/toode\/angelia-4\/#breadcrumb","itemListElement":[{"@type":"ListItem","position":1,"name":"Algus","item":"https:\/\/vau.ee\/en\/"},{"@type":"ListItem","position":2,"name":"Pood","item":"https:\/\/vau.ee\/pood\/"},{"@type":"ListItem","position":3,"name":"Angelia"}]},{"@type":"WebSite","@id":"https:\/\/vau.ee\/#website","url":"https:\/\/vau.ee\/","name":"Viljandi Aken ja Uks","description":"Uus tore veebileht","publisher":{"@id":"https:\/\/vau.ee\/#organization"},"potentialAction":[{"@type":"SearchAction","target":{"@type":"EntryPoint","urlTemplate":"https:\/\/vau.ee\/?s={search_term_string}"},"query-input":{"@type":"PropertyValueSpecification","valueRequired":true,"valueName":"search_term_string"}}],"inLanguage":"en-US"},{"@type":"Organization","@id":"https:\/\/vau.ee\/#organization","name":"AS Viljandi Aken ja Uks","url":"https:\/\/vau.ee\/","logo":{"@type":"ImageObject","inLanguage":"en-US","@id":"https:\/\/vau.ee\/#\/schema\/logo\/image\/","url":"https:\/\/vau.ee\/wp-content\/uploads\/2019\/12\/logo.svg","contentUrl":"https:\/\/vau.ee\/wp-content\/uploads\/2019\/12\/logo.svg","width":1,"height":1,"caption":"AS Viljandi Aken ja Uks"},"image":{"@id":"https:\/\/vau.ee\/#\/schema\/logo\/image\/"}}]}},"_links":{"self":[{"href":"https:\/\/vau.ee\/en\/wp-json\/wp\/v2\/product\/6531","targetHints":{"allow":["GET"]}}],"collection":[{"href":"https:\/\/vau.ee\/en\/wp-json\/wp\/v2\/product"}],"about":[{"href":"https:\/\/vau.ee\/en\/wp-json\/wp\/v2\/types\/product"}],"wp:featuredmedia":[{"embeddable":true,"href":"https:\/\/vau.ee\/en\/wp-json\/wp\/v2\/media\/7524"}],"wp:attachment":[{"href":"https:\/\/vau.ee\/en\/wp-json\/wp\/v2\/media?parent=6531"}],"wp:term":[{"taxonomy":"product_brand","embeddable":true,"href":"https:\/\/vau.ee\/en\/wp-json\/wp\/v2\/product_brand?post=6531"},{"taxonomy":"product_cat","embeddable":true,"href":"https:\/\/vau.ee\/en\/wp-json\/wp\/v2\/product_cat?post=6531"},{"taxonomy":"product_tag","embeddable":true,"href":"https:\/\/vau.ee\/en\/wp-json\/wp\/v2\/product_tag?post=6531"}],"curies":[{"name":"wp","href":"https:\/\/api.w.org\/{rel}","templated":true}]}}